{"id":21,"date":"2014-12-08T17:54:30","date_gmt":"2014-12-08T17:54:30","guid":{"rendered":"http:\/\/krasoprema.com\/hr\/?page_id=21"},"modified":"2014-12-23T15:36:04","modified_gmt":"2014-12-23T15:36:04","slug":"o-nama","status":"publish","type":"page","link":"http:\/\/krasoprema.com\/hr\/o-nama\/","title":{"rendered":"O nama"},"content":{"rendered":"<p>Krasoprema d.o.o. je poduze\u0107e iz \u010citluka, osnovana 1998. godine. Osnovna djelatnost kojom se bavimo je prodaja ugostiteljske opreme na tr\u017ei\u0161tu Bosne i Hercegovine. Nudimo \u0161irok asortiman ugostiteljske opreme i jedinstveno opremanje svih ugostiteljskih objekata, po \u017eeljama kupaca.<\/p>\n<p>Kupci su nam na prvom mjestu, \u017eelimo im omogu\u0107iti zadovoljstvo i kvalitetu uz stru\u010dnost na\u0161ih ljudi i koji su stekli dugogodi\u0161nje iskustvo u ovoj oblasti.U prodajnom programu nalaze se proizvodi od razli\u010ditih dobavlja\u010da iz Europske Unije, svojim kupcima nastojimo omogu\u0107iti najbolju kvalitetu uz pristupa\u010dne cijene.<\/p>\n<p>Kako bi bili u trendu i kupcima omogu\u0107ili \u0161to kvalitetnije proizvode radimo s proizvodnim poduze\u0107ima koji su veoma popularni i priznati na Europskom tr\u017ei\u0161tu pa i \u0161ire (UNOX, MODULAR).<\/p>\n<p>Proces se sastoji od naru\u010divanja opreme po \u017eeljama kupaca uz projektnu dokumentaciju i plan projektiranja, zatim veoma profesionalna monta\u017ea i produkcija opreme u rad uz podr\u0161ku i trening zaposlenika, zadnja karakteristika je odr\u017eavanje i servisiranje navedne opreme.<\/p>\n","protected":false},"excerpt":{"rendered":"<p>Krasoprema d.o.o. je poduze\u0107e iz \u010citluka, osnovana 1998. godine. Osnovna djelatnost kojom se bavimo je prodaja ugostiteljske opreme na tr\u017ei\u0161tu Bosne i Hercegovine. Nudimo \u0161irok asortiman ugostiteljske opreme i jedinstveno opremanje svih ugostiteljskih objekata, po \u017eeljama kupaca. Kupci su nam na prvom mjestu, \u017eelimo im omogu\u0107iti zadovoljstvo i kvalitetu uz stru\u010dnost na\u0161ih ljudi i koji [&hellip;]<\/p>\n","protected":false},"author":2,"featured_media":0,"parent":0,"menu_order":0,"comment_status":"closed","ping_status":"open","template":"","meta":[],"_links":{"self":[{"href":"http:\/\/krasoprema.com\/hr\/wp-json\/wp\/v2\/pages\/21"}],"collection":[{"href":"http:\/\/krasoprema.com\/hr\/wp-json\/wp\/v2\/pages"}],"about":[{"href":"http:\/\/krasoprema.com\/hr\/wp-json\/wp\/v2\/types\/page"}],"author":[{"embeddable":true,"href":"http:\/\/krasoprema.com\/hr\/wp-json\/wp\/v2\/users\/2"}],"replies":[{"embeddable":true,"href":"http:\/\/krasoprema.com\/hr\/wp-json\/wp\/v2\/comments?post=21"}],"version-history":[{"count":2,"href":"http:\/\/krasoprema.com\/hr\/wp-json\/wp\/v2\/pages\/21\/revisions"}],"predecessor-version":[{"id":23,"href":"http:\/\/krasoprema.com\/hr\/wp-json\/wp\/v2\/pages\/21\/revisions\/23"}],"wp:attachment":[{"href":"http:\/\/krasoprema.com\/hr\/wp-json\/wp\/v2\/media?parent=21"}],"curies":[{"name":"wp","href":"https:\/\/api.w.org\/{rel}","templated":true}]}}