{"id":107,"date":"2014-12-22T17:38:48","date_gmt":"2014-12-22T17:38:48","guid":{"rendered":"http:\/\/krasoprema.com\/hr\/?post_type=product&#038;p=107"},"modified":"2014-12-22T17:38:48","modified_gmt":"2014-12-22T17:38:48","slug":"pizza-peci","status":"publish","type":"product","link":"http:\/\/krasoprema.com\/hr\/product\/pizza-peci\/","title":{"rendered":"Pizza pe\u0107i"},"content":{"rendered":"<p>Pizza pe\u0107i razli\u010ditih dimenzija i eta\u017ea.<\/p>\n","protected":false},"excerpt":{"rendered":"<p>Pizza pe\u0107i razli\u010ditih dimenzija i eta\u017ea.<\/p>\n","protected":false},"featured_media":108,"template":"","meta":[],"_links":{"self":[{"href":"http:\/\/krasoprema.com\/hr\/wp-json\/wp\/v2\/product\/107"}],"collection":[{"href":"http:\/\/krasoprema.com\/hr\/wp-json\/wp\/v2\/product"}],"about":[{"href":"http:\/\/krasoprema.com\/hr\/wp-json\/wp\/v2\/types\/product"}],"wp:featuredmedia":[{"embeddable":true,"href":"http:\/\/krasoprema.com\/hr\/wp-json\/wp\/v2\/media\/108"}],"wp:attachment":[{"href":"http:\/\/krasoprema.com\/hr\/wp-json\/wp\/v2\/media?parent=107"}],"curies":[{"name":"wp","href":"https:\/\/api.w.org\/{rel}","templated":true}]}}