{"id":186,"date":"2016-01-26T10:00:21","date_gmt":"2016-01-26T10:00:21","guid":{"rendered":"http:\/\/krasoprema.com\/hr\/?post_type=product&#038;p=186"},"modified":"2016-01-16T10:23:54","modified_gmt":"2016-01-16T10:23:54","slug":"konvencijske-pecnice","status":"publish","type":"product","link":"http:\/\/krasoprema.com\/hr\/product\/konvencijske-pecnice\/","title":{"rendered":"Konvencijske pe\u0107nice"},"content":{"rendered":"<p>Konvencijske pe\u0107nice\u00a0za gastronomiju i pekarstvo.<\/p>\n<p>&nbsp;<\/p>\n<p>Vi\u0161e informacija o konvencijskim pe\u0107ima za gastronomiju mo\u017eete pogledati u sljede\u0107em videu&#8230;<\/p>\n<p><iframe width=\"500\" height=\"281\" src=\"https:\/\/www.youtube.com\/embed\/kcMNbt9yseE?feature=oembed\" frameborder=\"0\" allowfullscreen><\/iframe><\/p>\n<p>Vi\u0161e informacija o konvencijskim pe\u0107nicama za pekarstvo mo\u017eete pogledati u sljede\u0107em videu&#8230;<\/p>\n<p>&nbsp;<\/p>\n<p><iframe width=\"500\" height=\"281\" src=\"https:\/\/www.youtube.com\/embed\/pRwBUbFHEM4?feature=oembed\" frameborder=\"0\" allowfullscreen><\/iframe><\/p>\n","protected":false},"excerpt":{"rendered":"<p>Konvencijske pe\u0107nice\u00a0za gastronomiju i pekarstvo. &nbsp; Vi\u0161e informacija o konvencijskim pe\u0107ima za gastronomiju mo\u017eete pogledati u sljede\u0107em videu&#8230; Vi\u0161e informacija o konvencijskim pe\u0107nicama za pekarstvo mo\u017eete pogledati u sljede\u0107em videu&#8230; &nbsp;<\/p>\n","protected":false},"featured_media":558,"template":"","meta":[],"_links":{"self":[{"href":"http:\/\/krasoprema.com\/hr\/wp-json\/wp\/v2\/product\/186"}],"collection":[{"href":"http:\/\/krasoprema.com\/hr\/wp-json\/wp\/v2\/product"}],"about":[{"href":"http:\/\/krasoprema.com\/hr\/wp-json\/wp\/v2\/types\/product"}],"wp:featuredmedia":[{"embeddable":true,"href":"http:\/\/krasoprema.com\/hr\/wp-json\/wp\/v2\/media\/558"}],"wp:attachment":[{"href":"http:\/\/krasoprema.com\/hr\/wp-json\/wp\/v2\/media?parent=186"}],"curies":[{"name":"wp","href":"https:\/\/api.w.org\/{rel}","templated":true}]}}