{"id":330,"date":"2014-12-23T14:31:09","date_gmt":"2014-12-23T14:31:09","guid":{"rendered":"http:\/\/krasoprema.com\/hr\/?post_type=product&#038;p=330"},"modified":"2014-12-23T14:31:09","modified_gmt":"2014-12-23T14:31:09","slug":"perilice-casa-i-suda","status":"publish","type":"product","link":"http:\/\/krasoprema.com\/hr\/product\/perilice-casa-i-suda\/","title":{"rendered":"Perilice \u010da\u0161a i su\u0111a"},"content":{"rendered":"","protected":false},"excerpt":{"rendered":"","protected":false},"featured_media":331,"template":"","meta":[],"_links":{"self":[{"href":"http:\/\/krasoprema.com\/hr\/wp-json\/wp\/v2\/product\/330"}],"collection":[{"href":"http:\/\/krasoprema.com\/hr\/wp-json\/wp\/v2\/product"}],"about":[{"href":"http:\/\/krasoprema.com\/hr\/wp-json\/wp\/v2\/types\/product"}],"wp:featuredmedia":[{"embeddable":true,"href":"http:\/\/krasoprema.com\/hr\/wp-json\/wp\/v2\/media\/331"}],"wp:attachment":[{"href":"http:\/\/krasoprema.com\/hr\/wp-json\/wp\/v2\/media?parent=330"}],"curies":[{"name":"wp","href":"https:\/\/api.w.org\/{rel}","templated":true}]}}